{"id":44,"date":"2014-10-16T21:54:40","date_gmt":"2014-10-16T19:54:40","guid":{"rendered":"http:\/\/www.martin-pyco-rausch-fans.sk\/wordpress\/?page_id=44"},"modified":"2016-12-30T02:50:27","modified_gmt":"2016-12-30T01:50:27","slug":"tetovania","status":"publish","type":"page","link":"https:\/\/martin-pyco-rausch-fans.sk\/?page_id=44","title":{"rendered":"Tetovania"},"content":{"rendered":"<p><center><img loading=\"lazy\" decoding=\"async\" class=\"elite\" src=\"https:\/\/martin-pyco-rausch-fans.sk\/wp\/tetovania.jpg\" alt=\"\" width=\"245\" height=\"245\" border=\"0\" hspace=\"5\" vspace=\"1\" \/><img loading=\"lazy\" decoding=\"async\" class=\"elite\" src=\"https:\/\/martin-pyco-rausch-fans.sk\/wp\/tetovania2.jpg\" alt=\"\" width=\"301\" height=\"242\" border=\"0\" hspace=\"5\" vspace=\"1\" \/><\/center><br \/>\nPrv\u00fdkr\u00e1t sa dal tetova\u0165 niekedy pred dvadsiatkou a dodnes to ne\u013eutuje, dnes m\u00e1 \u0161tyri tetovania, ktor\u00e9 postupn\u00fdm prid\u00e1van\u00edm splynuli do dvoch k\u00faskov.<br \/>\n<i>\u201eTetovanie je rozhodnut\u00edm na cel\u00fd \u017eivot. Net\u00fa\u017eim po tom, aby ma m\u00f3da pochovala<\/i> hovor\u00ed Martin. Jeho tetovania vytvoril Roman Ros.<br \/>\nZa\u010dalo to \u010d\u00ednskym znakom osudu, ktor\u00fd ho viedol k \u010fal\u0161\u00edm a \u010fal\u0161\u00edm kombin\u00e1ci\u00e1m, tak\u017ee dnes m\u00e1 potetovan\u00e9 obe ramen\u00e1 inici\u00e1lami svojho mena v \u010d\u00edn\u0161tine a hadom zdoben\u00fdm ornamentom.<\/p>\n","protected":false},"excerpt":{"rendered":"<p>Prv\u00fdkr\u00e1t sa dal tetova\u0165 niekedy pred dvadsiatkou a dodnes to ne\u013eutuje, dnes m\u00e1 \u0161tyri tetovania, ktor\u00e9 postupn\u00fdm prid\u00e1van\u00edm splynuli do dvoch k\u00faskov. \u201eTetovanie je rozhodnut\u00edm na cel\u00fd \u017eivot. Net\u00fa\u017eim po tom, aby ma m\u00f3da pochovala hovor\u00ed Martin. Jeho tetovania vytvoril Roman Ros. Za\u010dalo to \u010d\u00ednskym znakom osudu, ktor\u00fd ho viedol k \u010fal\u0161\u00edm a \u010fal\u0161\u00edm kombin\u00e1ci\u00e1m, [&hellip;]<\/p>\n","protected":false},"author":1,"featured_media":7033,"parent":0,"menu_order":0,"comment_status":"open","ping_status":"open","template":"","meta":{"footnotes":""},"class_list":["post-44","page","type-page","status-publish","has-post-thumbnail","hentry"],"_links":{"self":[{"href":"https:\/\/martin-pyco-rausch-fans.sk\/index.php?rest_route=\/wp\/v2\/pages\/44","targetHints":{"allow":["GET"]}}],"collection":[{"href":"https:\/\/martin-pyco-rausch-fans.sk\/index.php?rest_route=\/wp\/v2\/pages"}],"about":[{"href":"https:\/\/martin-pyco-rausch-fans.sk\/index.php?rest_route=\/wp\/v2\/types\/page"}],"author":[{"embeddable":true,"href":"https:\/\/martin-pyco-rausch-fans.sk\/index.php?rest_route=\/wp\/v2\/users\/1"}],"replies":[{"embeddable":true,"href":"https:\/\/martin-pyco-rausch-fans.sk\/index.php?rest_route=%2Fwp%2Fv2%2Fcomments&post=44"}],"version-history":[{"count":7,"href":"https:\/\/martin-pyco-rausch-fans.sk\/index.php?rest_route=\/wp\/v2\/pages\/44\/revisions"}],"predecessor-version":[{"id":541,"href":"https:\/\/martin-pyco-rausch-fans.sk\/index.php?rest_route=\/wp\/v2\/pages\/44\/revisions\/541"}],"wp:featuredmedia":[{"embeddable":true,"href":"https:\/\/martin-pyco-rausch-fans.sk\/index.php?rest_route=\/wp\/v2\/media\/7033"}],"wp:attachment":[{"href":"https:\/\/martin-pyco-rausch-fans.sk\/index.php?rest_route=%2Fwp%2Fv2%2Fmedia&parent=44"}],"curies":[{"name":"wp","href":"https:\/\/api.w.org\/{rel}","templated":true}]}}