{"id":658,"date":"2014-10-25T21:48:23","date_gmt":"2014-10-25T19:48:23","guid":{"rendered":"http:\/\/www.martin-pyco-rausch-fans.sk\/?page_id=658"},"modified":"2026-01-11T18:33:06","modified_gmt":"2026-01-11T17:33:06","slug":"reklamy","status":"publish","type":"page","link":"https:\/\/martin-pyco-rausch-fans.sk\/?page_id=658","title":{"rendered":"Reklamy"},"content":{"rendered":"<div class=\"table-responsive\"><table width=\"100%\" class=\"table \" style=\"table-bordered table-hover\"><br \/>\n<thead><tr>\n<\/tr><\/thead>\n<tbody><\/p>\n<p><tr>\n<td><a href=\"audio%20a%20video\/audio\/T-Com%20a%20T-Mobile%20-%20Magio%20internet.mp3\"><img decoding=\"async\" src=\"https:\/\/martin-pyco-rausch-fans.sk\/wp\/video%20obr.jpg\" alt=\"\" border=\"0\" \/><\/a><\/td>\n<td><span style=\"color: #808000;\">T.Com &amp; T.Mobile Rekl\u00e1ma (2010) \/ magio\u00a0internet<\/span><br \/>\nFile Type: .zip \u2013&gt; .mp3<br \/>\nFile Size: 778 kb<\/td>\n<\/tr><\/p>\n<p><tr>\n<td><a href=\"audio%20a%20video\/TV%20relacie\/spoty\/Ledov\u00e1%20k\u00e1va%20od%20Jacobs%20-%20Krist\u00fdna%20Leichtov\u00e1%20a%20Martin%20Pyco%20Rausch%20-%20TV%20reklama%202013%20CZ.zip\"><img decoding=\"async\" src=\"https:\/\/martin-pyco-rausch-fans.sk\/wp\/jacobs3.jpg\" alt=\"\" border=\"0\" \/><\/a><\/td>\n<td><span style=\"color: #808000;\">Jacobs\u00a0 (2013)<\/span><br \/>\nFile Type: .zip \u2013&gt; .mp4<br \/>\nFile Size: 07.73 MB<\/td>\n<\/tr><\/p>\n<p><tr>\n<td><a href=\"audio%20a%20video\/TV%20relacie\/spoty\/Krist\u00fdna%20Leichov\u00e1%20to%20hr\u00e1%20na%20Pyca%20SK.zip\"><img decoding=\"async\" src=\"https:\/\/martin-pyco-rausch-fans.sk\/wp\/jacobs2.jpg\" alt=\"\" border=\"0\" \/><\/a><\/td>\n<td><span style=\"color: #808000;\">Jacobs \/ Part 2\u00a0(2013)<\/span><br \/>\nFile Type: .zip \u2013&gt; .mp4<br \/>\nFile Size: 18.4 MB<\/td>\n<\/tr><\/p>\n<p><tr>\n<td><a href=\"audio%20a%20video\/TV%20relacie\/spoty\/Pycova%20\u0161picov\u00e1%20technika%20SK.zip\"><img decoding=\"async\" src=\"https:\/\/martin-pyco-rausch-fans.sk\/wp\/jacobs4.jpg\" alt=\"\" border=\"0\" \/><\/a><\/td>\n<td><span style=\"color: #808000;\">Jacobs \/ Part 3\u00a0(2013)<\/span><br \/>\nFile Type: .zip \u2013&gt; .mp4<br \/>\nFile Size: 29.6 MB<\/td>\n<\/tr><\/p>\n<p><tr>\n<td><a href=\"audio%20a%20video\/TV%20relacie\/spoty\/Krist\u00fdna%20Leichov\u00e1%20to%20hr\u00e1%20na%20Pyca%20SK.zip\"><img decoding=\"async\" src=\"https:\/\/martin-pyco-rausch-fans.sk\/wp\/jacobs1.jpg\" alt=\"\" border=\"0\" \/><\/a><\/td>\n<td><span style=\"color: #808000;\">Jacobs \/ Part 4\u00a0(2013)<\/span><br \/>\nFile Type: .zip \u2013&gt; .mp4<br \/>\nFile Size: 22.5 MB<\/td>\n<\/tr><\/p>\n<p><tr>\n<td><a href=\"audio%20a%20video\/TV%20relacie\/spoty\/Jacobs%20hrne\u010dky%20pro%20spole\u010dn\u00e9%20chv\u00edle-%20Krist\u00fdna%20Leichtov\u00e1%20a%20Martin%20Pyco%20Rausch%20-%20TV%20reklama%202014%20CZ.zip\"><img decoding=\"async\" src=\"https:\/\/martin-pyco-rausch-fans.sk\/wp\/jacobshrnceky.jpg\" alt=\"\" border=\"0\" \/><\/a><\/td>\n<td><span style=\"color: #808000;\">Jacobs: Hr\u010deky\u00a0pre spolo\u010dn\u00e9 chv\u00edle\u00a0(2014)<\/span><br \/>\nFile Type: .zip \u2013&gt; .mp4<br \/>\nFile Size: 6.13 MB<\/td>\n<\/tr><\/p>\n<p><tr>\n<td><a href=\"audio%20a%20video\/TV%20relacie\/spoty\/Bav se k\u00e1vou l\u00e9to CZ - origin\u00e1ln\u00ed zdob\u00edc\u00ed \u0161ablonky.zip\"><img decoding=\"async\" src=\"https:\/\/martin-pyco-rausch-fans.sk\/wp\/jacobs-leto.jpg\" alt=\"\" border=\"0\" \/><\/a><\/td>\n<td><span style=\"color: #808000;\">Jacobs:\u00a0Bav se k\u00e1vou l\u00e9to \u00a0&#8211; origin\u00e1ln\u00ed zdob\u00edc\u00ed \u0161ablonky (2015)<\/span><br \/>\nFile Type: .zip \u2013&gt; .mp4<br \/>\nFile Size: 15.8\u00a0MB<\/td>\n<\/tr><\/p>\n<p><tr>\n<td><a href=\"audio%20a%20video\/TV%20relacie\/spoty\/Jacobs Bav se k\u00e1vou - Seznamte se s Martinem a Krist\u00fdnou.zip\"><img decoding=\"async\" src=\"https:\/\/martin-pyco-rausch-fans.sk\/wp\/jacobs-jar.jpg\" alt=\"\" border=\"0\" \/><\/a><\/td>\n<td><span style=\"color: #808000;\">Jacobs Bav se k\u00e1vou &#8211; Seznamte se s Martinem a Krist\u00fdnou (2015)<\/span><br \/>\nFile Type: .zip \u2013&gt; .mp4<br \/>\nFile Size: 20.7\u00a0MB<\/td>\n<\/tr>\n<\/tbody>\n<\/table><\/div>\n","protected":false},"excerpt":{"rendered":"","protected":false},"author":1,"featured_media":7041,"parent":0,"menu_order":0,"comment_status":"open","ping_status":"closed","template":"","meta":{"footnotes":""},"class_list":["post-658","page","type-page","status-publish","has-post-thumbnail","hentry"],"_links":{"self":[{"href":"https:\/\/martin-pyco-rausch-fans.sk\/index.php?rest_route=\/wp\/v2\/pages\/658","targetHints":{"allow":["GET"]}}],"collection":[{"href":"https:\/\/martin-pyco-rausch-fans.sk\/index.php?rest_route=\/wp\/v2\/pages"}],"about":[{"href":"https:\/\/martin-pyco-rausch-fans.sk\/index.php?rest_route=\/wp\/v2\/types\/page"}],"author":[{"embeddable":true,"href":"https:\/\/martin-pyco-rausch-fans.sk\/index.php?rest_route=\/wp\/v2\/users\/1"}],"replies":[{"embeddable":true,"href":"https:\/\/martin-pyco-rausch-fans.sk\/index.php?rest_route=%2Fwp%2Fv2%2Fcomments&post=658"}],"version-history":[{"count":13,"href":"https:\/\/martin-pyco-rausch-fans.sk\/index.php?rest_route=\/wp\/v2\/pages\/658\/revisions"}],"predecessor-version":[{"id":15646,"href":"https:\/\/martin-pyco-rausch-fans.sk\/index.php?rest_route=\/wp\/v2\/pages\/658\/revisions\/15646"}],"wp:featuredmedia":[{"embeddable":true,"href":"https:\/\/martin-pyco-rausch-fans.sk\/index.php?rest_route=\/wp\/v2\/media\/7041"}],"wp:attachment":[{"href":"https:\/\/martin-pyco-rausch-fans.sk\/index.php?rest_route=%2Fwp%2Fv2%2Fmedia&parent=658"}],"curies":[{"name":"wp","href":"https:\/\/api.w.org\/{rel}","templated":true}]}}