{"id":7074,"date":"2017-01-11T18:31:23","date_gmt":"2017-01-11T17:31:23","guid":{"rendered":"http:\/\/www.martin-pyco-rausch-fans.sk\/?page_id=7074"},"modified":"2026-04-19T17:13:27","modified_gmt":"2026-04-19T16:13:27","slug":"styri-rocne-obdobia-moje-jedlo-3","status":"publish","type":"page","link":"https:\/\/martin-pyco-rausch-fans.sk\/?page_id=7074","title":{"rendered":"Recepty: \u0160TYRI RO\u010cN\u00c9 OBDOBIA &#8211; MOJE JEDLO 3"},"content":{"rendered":"<div class=\"row \"><div class=\"col-lg-6 col-md-12 col-xs-12 col-sm-12\"><\/p>\n<p><b>:: AVOK\u00c1DOV\u00c1 N\u00c1TIERKA S BRYNDZOU\u00a0<\/b><\/p>\n<p>3 avok\u00e1da<br \/>\n2 \u0161alotky<br \/>\n1 str\u00fa\u010dik cesnaku<br \/>\n40 gramov sterilizovan\u00fdch uhoriek<br \/>\n1PL olivov\u00e9ho oleja<br \/>\n200 gramov bryndze<br \/>\n4 pita chleby, tortilly \u010di lok\u0161e<\/p>\n<p>&nbsp;<\/p>\n<p>\u0160alotku o\u010disten\u00fa s cesnakom v mix\u00e9ri s uhorkami a ly\u017eicou olivov\u00e9ho oleja vymixujeme na jemn\u00fa dr\u0165, ktor\u00fa potom ru\u010dne vymie\u0161ame s bryndzou.<\/p>\n<p>Avok\u00e1do bez k\u00f4stky pokr\u00e1jame na kocky, primie\u0161ame do masy a roztla\u010d\u00edme nepravidelne tak, aby v n\u00e1tierke zostali aj v\u00e4\u010d\u0161ie kusy. Pod\u00e1vame s pe\u010divom.<\/p>\n<p><\/div>\n<div class=\"col-lg-6 col-md-12 col-xs-12 col-sm-12\">\n<a href=\"http:\/\/www.markiza.sk\/neprehliadnite\/1850854_pyco-caruje-v-kuchyni-vykuzlil-recepty-na-cely-rok\" target=\"_blank\"><img decoding=\"async\" class=\"alignnone\" title=\"markiza.sk\" src=\"https:\/\/martin-pyco-rausch-fans.sk\/wp\/moje-jedlo\/35.jpg\" alt=\"\" border=\"0\" \/><\/a><\/div>\n<\/div>\n<p>&nbsp;<\/p>\n<hr \/>\n<p>&nbsp;<\/p>\n<div class=\"row \"><div class=\"col-lg-6 col-md-12 col-xs-12 col-sm-12\"><\/p>\n<p><b>:: PESTO Z MEDVEDIEHO CESNAKU\u00a0<\/b><\/p>\n<p>50 listov medvedieho cesnaku<br \/>\n20g p\u00edniov\u00e9 orie\u0161ky<br \/>\n1\/2ks citr\u00f3nu<br \/>\n40g parmez\u00e1nu<br \/>\n10PL olivov\u00e9ho oleja<br \/>\npetr\u017elenov\u00e1 v\u0148a\u0165<\/p>\n<p>&nbsp;<\/p>\n<p>Medved\u00ed cesnak d\u00f4kladne umyjeme pod te\u010d\u00facou vodou, n\u00e1sledne osu\u0161\u00edme, nadrobno pokr\u00e1jame a vlo\u017e\u00edme do ru\u010dn\u00e9ho mix\u00e9ra. Prid\u00e1me orie\u0161ky, petr\u017elenov\u00fa v\u0148a\u0165, na men\u0161ie kocky pokr\u00e1jan\u00fd parmez\u00e1n a \u0161\u0165avu z polovice citr\u00f3na. Nar\u00e1zovo mixujeme na etapy a medzit\u00fdm pod\u013ea potreby premie\u0161ame obsah mix\u00e9ra smerom od stien do stredu. Olivov\u00fd olej (6PL) prid\u00e1vame po ly\u017eiciach.<\/p>\n<p>Pesto zamie\u0161ame so cestov\u00edn, pou\u017e\u00edvame ako dip so zeleninou, ty\u010dinkami alebo pe\u010divom a chut\u00ed skvelo na hrianke. Ak vynech\u00e1te parmez\u00e1n a orie\u0161ky, pesto je vhodn\u00e9 aj ako pr\u00edsada do polievky, po dovaren\u00ed dod\u00e1 aj in\u00fdm jedl\u00e1m aromatick\u00fa a jarn\u00fa chu\u0165.<\/p>\n<p>Pokia\u013e hotov\u00e9 pesto ihne\u010f nepou\u017eijeme, skldujeme ho v chlade, obsah poh\u00e1ra zbav\u00edme vzduchov\u00fdch bubl\u00edn a zalejem zvy\u0161kom oleja.<\/p>\n<p><\/div>\n<div class=\"col-lg-6 col-md-12 col-xs-12 col-sm-12\">\n<a href=\"https:\/\/www.facebook.com\/MojeJedloByPyco\/photos\/a.333899913402048.1073741829.324312921027414\/613772208748149\/?type=3&#038;theater\" target=\"_blank\"><img decoding=\"async\" class=\"alignnone\" title=\"\" src=\"https:\/\/martin-pyco-rausch-fans.sk\/wp\/moje-jedlo\/36.jpg\" alt=\"\" border=\"0\" \/><\/a><\/div>\n<\/div>\n<p>&nbsp;<\/p>\n<hr \/>\n<p>&nbsp;<\/p>\n<div class=\"row \"><div class=\"col-lg-6 col-md-12 col-xs-12 col-sm-12\"><\/p>\n<p><b>:: MEL\u00d3NOV\u00c1 TORTA S TVAROHOM\u00a0<\/b><\/p>\n<p><strong><em>Doba pr\u00edpravy: 25 min\u00fat<\/em><\/strong><\/p>\n<p>200 g \u010dere\u0161n\u00ed<br \/>\n100 ml vody<br \/>\n1 drievko \u0161korice<br \/>\n2 ly\u017eice trstinov\u00e9ho cukru (pr\u00edp. kokosov\u00e9ho)<br \/>\n1 men\u0161\u00ed \u010derven\u00fd mel\u00f3n<br \/>\n250 g jemn\u00e9ho plnotu\u010dn\u00e9ho tvarohu<\/p>\n<p>&nbsp;<\/p>\n<p>\u010cere\u0161ne d\u00f4kladne umyjeme pod te\u010d\u00facou vodou. Nieko\u013eko k\u00faskov odlo\u017e\u00edme bokom na ozdobu.<br \/>\nZvy\u0161n\u00e9 vyk\u00f4stkujeme a v men\u0161om hrnci povar\u00edme 10 min\u00fat s vodou a \u0161koricov\u00fdm drievkom. Ob\u010das premie\u0161ame.<br \/>\nPo 10 min\u00fatach prid\u00e1me cukor a var\u00edme e\u0161te \u010fal\u0161\u00edch 5 min\u00fat, k\u00fdm zredukovan\u00e1 \u0161\u0165ava neza\u010dne hustn\u00fa\u0165.<br \/>\nPremiestnime do studenej n\u00e1doby a nech\u00e1me celkom vychladn\u00fa\u0165.<br \/>\nZo stredovej \u010dasti vychladnut\u00e9ho mel\u00f3na odkroj\u00edme pl\u00e1t s hr\u00fabkou cca 3-4 cm.<br \/>\nTvaroh vy\u0161\u013eah\u00e1me metli\u010dkou a rovnomerne nanesieme na pl\u00e1t mel\u00f3na.<br \/>\nNavrch pomocou ly\u017eice pouklad\u00e1me prevaren\u00e9 \u010dere\u0161ne so zvy\u0161kom \u0161\u0165avy, prid\u00e1me \u010derstv\u00e9 \u010dere\u0161ne na ozdobu a ihne\u010f pod\u00e1vame.<\/p>\n<p><strong>TIP<\/strong>: Prevaren\u00fa \u0161\u0165avu z \u010dere\u0161n\u00ed m\u00f4\u017eeme za\u0161\u013eaha\u0165 priamo do tvarohu, \u010d\u00edm z\u00edskame kr\u00e1snu ru\u017eov\u00fa penu.<\/p>\n<p><\/div>\n<div class=\"col-lg-6 col-md-12 col-xs-12 col-sm-12\">\n<a href=\"https:\/\/fitshaker.sk\/co-pripravuje-martin-pyco-rausch-svojim-hostom\/\" target=\"_blank\"><img decoding=\"async\" class=\"alignnone\" title=\"fitshaker.sk\" src=\"https:\/\/martin-pyco-rausch-fans.sk\/wp\/moje-jedlo\/15.jpg\" alt=\"\" border=\"0\" \/><\/a><\/div>\n<\/div>\n<p>&nbsp;<\/p>\n<hr \/>\n<p>&nbsp;<\/p>\n<div class=\"row \"><div class=\"col-lg-6 col-md-12 col-xs-12 col-sm-12\"><\/p>\n<p><b>:: MRKVOV\u00c1 TORTILLA S KL\u00cd\u010cKAMI\u00a0<\/b><\/p>\n<p><strong><em>6ks, \u010das pr\u00edpravy: 15 min\u00fat<\/em><\/strong><\/p>\n<p><strong><em>suroviny:<\/em><\/strong><br \/>\nmrkva | 250 g<br \/>\ncibu\u013ea \u0161alotka | 1 ks<br \/>\ndi\u017e\u00f3nska hor\u010dica | 1 KL olivov\u00fd olej | 4 PL<br \/>\ncitr\u00f3n | 1 ks<br \/>\ntahini (sezamov\u00e1 pasta) | 1 PL<br \/>\ntortilla | 6 ks<br \/>\nr\u00f4zne druhy kl\u00ed\u010dkov | 120 g<br \/>\nmorsk\u00e1 so\u013e<br \/>\n\u010dierne korenie<\/p>\n<p>&nbsp;<\/p>\n<p>O\u010disten\u00fa mrkvu pokr\u00e1jan\u00fa na kocky povar\u00edme 10 min\u00fat vo vode so \u0161tipkou soli, potom sced\u00edme a nech\u00e1me \u010diasto\u010dne vychladn\u00fa\u0165.<br \/>\nV mix\u00e9ri vy\u0161\u013eah\u00e1me pokr\u00e1jan\u00fa \u0161alotku s hor\u010dicou, \u0161tipkou morskej soli a \u010dierneho korenia. V z\u00e1vere pomaly za\u0161\u013eah\u00e1me aj olivov\u00fd olej.<br \/>\nUvaren\u00fa mrkvu pokvapk\u00e1me citr\u00f3nom a n\u00e1razovo vy\u0161\u013eah\u00e1me ru\u010dn\u00fdm mix\u00e9rom, nie v\u0161ak celkom na ka\u0161u, ojedinel\u00e9 v\u00e4\u010d\u0161ie k\u00fasky m\u00f4\u017eeme ponecha\u0165 nerozmixovan\u00e9. Potom vmie\u0161ame pripraven\u00fd dresing a tahini.<br \/>\nTortilly ope\u010dieme 2 min\u00faty z ka\u017edej strany na suchej panvici, natrieme zmesou, posypeme d\u00f4kladne umyt\u00fdmi kl\u00ed\u010dkami a zvinieme. M\u00f4\u017eeme plni\u0165 aj ope\u010denou \u0161parg\u013eou, skaramelizovanou cibu\u013ekou, bylinkami alebo \u0161al\u00e1tom.<\/p>\n<p><\/div>\n<div class=\"col-lg-6 col-md-12 col-xs-12 col-sm-12\">\n<a href=\"https:\/\/www.facebook.com\/MojeJedloByPyco\/photos\/a.333899913402048\/1133836266741738\/?type=3&amp;theater\" target=\"_blank\"><img decoding=\"async\" class=\"alignnone\" title=\"facebook.com\/MojeJedloByPyco\" src=\"https:\/\/martin-pyco-rausch-fans.sk\/wp\/clanky5\/mrkvova-tortilla-sklickami.jpg\" alt=\"\" border=\"0\" \/><\/a><\/div>\n<\/div>\n<p>&nbsp;<\/p>\n<hr \/>\n<p>&nbsp;<\/p>\n<div class=\"row \"><div class=\"col-lg-6 col-md-12 col-xs-12 col-sm-12\"><\/p>\n<p><b>:: FAZU\u013dOV\u00c1 POLIEVKA S KAPUSTOU\u00a0<\/b><\/p>\n<p><strong><em>12 porci\u00ed, \u010das pr\u00edpravy: 90 min\u00fat<\/em><\/strong><\/p>\n<p><strong><em>suroviny:<\/em><\/strong><br \/>\nbiela ve\u013ek\u00e1 fazu\u013ea | 250 g<br \/>\nkysl\u00e1 kapusta | 250 g<br \/>\nbatat|1ks<br \/>\ncibu\u013ea \u0161alotka | 2 ks<br \/>\nstr\u00fa\u010dik cesnaku | 2 ks<br \/>\nolivov\u00fd olej | 4 PL<br \/>\nsu\u0161en\u00e9 paradajky | 70 g<br \/>\nparadajkov\u00fd pretlak | 400 g<br \/>\nr\u00edmska rasca | 1 \u010cL<br \/>\nmorsk\u00e1 so\u013e | 1 \u010cL<br \/>\nmlet\u00e1 \u00faden\u00e1 paprika | 1 \u010cL<br \/>\nsu\u0161en\u00fd major\u00e1n | 1 \u010cL<br \/>\n\u010dierne korenie | 1 KL<br \/>\nbobkov\u00fd list | 3 ks<\/p>\n<p>&nbsp;<\/p>\n<p><strong><em>Postup:<\/em><\/strong><br \/>\n\u2013 Cez noc namo\u010den\u00fa fazu\u013eu prepl\u00e1chneme a vo ve\u013ekom hrnci pod pokrievkou var\u00edme 1 hodinu spolu s kyslou kapustou, bobkov\u00fdm listom, nahrubo postr\u00fahan\u00fdm batatom a vodou (3 l).<br \/>\n\u2013 V panvici rozohrejeme olivov\u00fd olej a 5 min\u00fat na \u0148om opek\u00e1me pokr\u00e1jan\u00fa \u0161alotku. Medzit\u00fdm v ma\u017eiari spolu vymie\u0161ame rascu, morsk\u00fa so\u013e, \u010dierne korenie a major\u00e1n. Po piatich min\u00fatach prid\u00e1me k cibu\u013eke pripraven\u00fa zmes korenia a posekan\u00fd cesnak a su\u0161en\u00e9 paradajky. Opra\u017e\u00edme na jemnom plameni a po min\u00fate prid\u00e1me aj mlet\u00fa papriku, kr\u00e1tko mie\u0161ame a potom cel\u00fd obsah panvice vlo\u017e\u00edme do vriacej polievky. Prid\u00e1me aj paradajkov\u00fd pretlak a e\u0161te 20 min\u00fat var\u00edme. Pod\u013ea potreby dochut\u00edme morskou so\u013eou.<br \/>\n\u2013 Pred pod\u00e1van\u00edm nechajte polievku aspo\u0148 hodinu post\u00e1\u0165, chu\u0165 bude v\u00fdraznej\u0161ia. Ak m\u00e1te v mrazni\u010dke odlo\u017een\u00fd dom\u00e1ci v\u00fdvar, nahra\u010fte n\u00edm tretinu vody v \u00favode varenia, polievka z\u00edska e\u0161te s\u00fdtej\u0161iu chu\u0165.<\/p>\n<p><\/div>\n<div class=\"col-lg-6 col-md-12 col-xs-12 col-sm-12\">\n<a href=\"https:\/\/www.facebook.com\/MojeJedloByPyco\/photos\/a.331827293609310\/1138438942948137\/?type=3&#038;theater\" target=\"_blank\"><img decoding=\"async\" class=\"alignnone\" title=\"facebook.com\/MojeJedloByPyco\" src=\"https:\/\/martin-pyco-rausch-fans.sk\/wp\/clanky5\/fazulova-polievka-s-kapustou.jpg\" alt=\"\" border=\"0\" \/><\/a><\/div>\n<\/div>\n<p>&nbsp;<\/p>\n<hr \/>\n<p>&nbsp;<\/p>\n<p><em>Jedna z mojich najob\u013e\u00fabenej\u0161\u00edch zimn\u00fdch klas\u00edk: #pe\u010den\u00e1cibu\u013ea &#x1F4D5; #mojejedlo #4rocneobdobia<br \/>\nVysk\u00fa\u0161ajte a pokojne zdielajte &#x1f468;\u200d&#x1f373; dobr\u00fa chu\u0165!<\/em><\/p>\n<div class=\"row \"><div class=\"col-lg-6 col-md-12 col-xs-12 col-sm-12\"><\/p>\n<p><b>:: PE\u010cEN\u00c1 CIBU\u013dA\u00a0<\/b><\/p>\n<p><strong><em>2 porcie, \u010das pr\u00edpravy: 50 min\u00fat<\/em><\/strong><\/p>\n<p><strong><em>suroviny:<\/em><\/strong><br \/>\ncibu\u013ea \u0161alotka | 10 ks<br \/>\nstr\u00fa\u010dik cesnaku | 4 ks<br \/>\ncitr\u00f3n | 1\/2 ks<br \/>\nrozmar\u00edn | 4 ks (vetvi\u010dky)<br \/>\nsemienka \u017eltej hor\u010dice | 1 C\u030cL<br \/>\n\u010dierne korenie | 1 KL<br \/>\nmorsk\u00e1 so\u013e | 1 KL<br \/>\nolivov\u00fd olej | 5 PL<br \/>\nbiele v\u00edno | 3 PL<\/p>\n<p>&nbsp;<\/p>\n<p><strong><em>Postup:<\/em><\/strong><br \/>\nCibu\u013eu zbav\u00edme \u0161upky smerom nadol ku kore\u0148u, ktor\u00fd v\u0161ak ponech\u00e1me a pod te\u010d\u00facou vodou ho d\u00f4kladne o\u010dist\u00edme. V\u00e4\u010d\u0161ie cibule prekroj\u00edme na polovicu tak, aby kore\u0148ov\u00e1 \u010das\u0165 dr\u017eala pokope, cesnak o\u010dist\u00edme a v\u0161etko vlo\u017e\u00edme do zapekacej n\u00e1doby aj s rozmar\u00ednom.<br \/>\nV ma\u017eiari drven\u00edm spoj\u00edme semienka hor\u010dice, \u010dierne korenie a so\u013e. Zmes prid\u00e1me k pripravenej cibuli a v\u0161etko zalejeme citr\u00f3novou \u0161\u0165avou, olejom a bielym v\u00ednom. D\u00f4kladne premie\u0161ame a pe\u010dieme 40-45 min\u00fat pri teplote 200 \u00b0C.<br \/>\nV\u00fdsledok je chu\u0165ovo v\u00fdrazn\u00e1 symf\u00f3nia, ktorou presved\u010d\u00edte aj toho, kto cibu\u013eu ve\u013emi nevyh\u013ead\u00e1va. Pod\u00e1vat\u030c m\u00f4\u017eeme s listovou zeleninou, pe\u010divom a poh\u00e1rom bieleho v\u00edna.<\/p>\n<p><\/div>\n<div class=\"col-lg-6 col-md-12 col-xs-12 col-sm-12\">\n<a href=\"https:\/\/www.facebook.com\/MojeJedloByPyco\/photos\/a.331827293609310\/1145329162259115\/?type=3&#038;theater\" target=\"_blank\"><img decoding=\"async\" class=\"alignnone\" title=\"facebook.com\/MojeJedloByPyco\" src=\"https:\/\/martin-pyco-rausch-fans.sk\/wp\/clanky5\/pecena-cibula.jpg\" alt=\"\" border=\"0\" \/><\/a><\/div>\n<\/div>\n<p>&nbsp;<\/p>\n<hr \/>\n<p>&nbsp;<\/p>\n<div class=\"row \"><div class=\"col-lg-6 col-md-12 col-xs-12 col-sm-12\"><\/p>\n<p>&#x1f33c;<strong>CUKETOV\u00c9 KVETY<\/strong>: <em>najfarebnej\u0161ia in\u0161pir\u00e1cia v letnej kuchyni&#x1f60e;<br \/>\n&#x1f481;&#x1f3fb;\u200d\u2642\ufe0f sk\u00faste ich namiesto vypr\u00e1\u017eania vo vysokom tuku upravi\u0165 takto:<\/em><br \/>\n&#x1f468;\u200d&#x1f373; &#x1f449;umyt\u00e9 kvety zbav\u00edme vn\u00fatorn\u00fdch ty\u010diniek, jemne postriekame olivov\u00fdm olejom a potom napln\u00edme ly\u017ei\u010dkou rozdrvenej fety s bazalkou.<br \/>\n&#x1f449;Lupene opatrne zato\u010d\u00edme a kvety obal\u00edme v m\u00fake so \u0161tipkou soli, \u00fadenej mletej papriky a \u010dierneho korenia (prihodil som aj za hrs\u0165 semoliny).<br \/>\n&#x1f449;Panvicu z\u013eahka potrieme olivov\u00fdm olejom a do zlatista ope\u010dieme v\u0161etky kvety cca. 2-3 min\u00faty z oboch str\u00e1n.<br \/>\n&#x1f449;Ope\u010den\u00fd chlieb potrieme cesnakom, prid\u00e1me hummus alebo harrisu \u010di ajvar, navrch ulo\u017e\u00edme ope\u010den\u00e9 kvety a dochut\u00edme sumac koren\u00edm.<br \/>\n<em>Dobr\u00fa chu\u0165!<\/em><\/p>\n<p><\/div>\n<div class=\"col-lg-6 col-md-12 col-xs-12 col-sm-12\">\n<a title=\"facebook.com\/mrpyco\" href=\"https:\/\/www.facebook.com\/MRPYCO\/posts\/pfbid0Liqk52bBVjpgTT7NB64am1Nnzjye787wjgztiQrCJeTSL5NbUmoSyUmNphkqbeLul\" target=\"_blank\" rel=\"noopener noreferrer\"><img decoding=\"async\" src=\"https:\/\/martin-pyco-rausch-fans.sk\/wp\/clanky7\/cuketove.kvety.jpg\" alt=\"\" border=\"0\" \/><\/a><\/div>\n<\/div>\n<p>&nbsp;<\/p>\n<hr \/>\n<p>&nbsp;<\/p>\n<div class=\"row \"><div class=\"col-lg-1 col-md-12 col-xs-12 col-sm-12\"><\/p>\n<p><\/div>\n<div class=\"col-lg-8 col-md-12 col-xs-12 col-sm-12\">\n<div class=\"yourcustomclass\"><ul class=\"nav nav-tabs\" id=\"oscitas-tabs-0\"><li class=\"\"><a class=\"\" href=\"#pane-0-0\" data-toggle=\"tab\">NAVIGA\u010cN\u00c9 MENU<\/a><\/li><li class=\"\"><a class=\"\" href=\"#pane-0-1\" data-toggle=\"tab\">Video<\/a><\/li><li class=\"\"><a class=\"\" href=\"#pane-0-2\" data-toggle=\"tab\"><\/a><\/li><li class=\"\"><a class=\"\" href=\"#pane-0-3\" data-toggle=\"tab\">e-shop<\/a><\/li><\/ul><div class=\"tab-content\"><div class=\"tab-pane \" id=\"pane-0-0\"><a title=\"Recepty z MOJE JEDLO a MOJE JEDLO 2\" href=\"https:\/\/www.martin-pyco-rausch-fans.sk\/?page_id=4090\">Recepty z MOJE JEDLO a MOJE JEDLO 2\u00a0<\/a>\u00bb<br \/>\n<a title=\"Recepty: TREBA SI VARI\u0164\"<a href=\"https:\/\/martin-pyco-rausch-fans.sk\/?page_id=14305\">Recepty z TREBA SI VARI\u0164<\/a>\u00a0\u00bb<br \/>\n<a title=\"Spolupr\u00e1ce\" href=\" https:\/\/martin-pyco-rausch-fans.sk\/?page_id=14297\">SPOLUPR\u00c1CE<\/a>\u00a0\u00bb<br \/>\n<a title=\"Recepty\" href=\" https:\/\/martin-pyco-rausch-fans.sk\/?page_id=15704\">RECEPTY<\/a>\u00a0\u00bb<br \/>\n<a <a title=\"In\u00e9\" href=\"https:\/\/www.martin-pyco-rausch-fans.sk\/?page_id=4081\">In\u00e9\u00a0<\/a>\u00bb<br \/>\n<a title=\"Va\u0161e jedlo\" href=\"https:\/\/www.martin-pyco-rausch-fans.sk\/?page_id=4179\">Va\u0161e jedlo<\/a>\u00a0\u00bb<br \/>\n<a title=\"Moje Jedlo\" href=\"https:\/\/www.martin-pyco-rausch-fans.sk\/?page_id=4094\">MOJE JEDLO<\/a>\u00a0\u00bb<br \/>\n<a title=\"Moje jedlo 2\" href=\"https:\/\/www.martin-pyco-rausch-fans.sk\/?page_id=4113\">MOJE JEDLO 2<\/a> \u00bb<br \/>\n<a title=\"\u0160tyri ro\u010dn\u00e9 obdobia - Moje jedlo 3\" href=\"https:\/\/www.martin-pyco-rausch-fans.sk\/?page_id=7808\">\u0160TYRI RO\u010cN\u00c9 OBDOBIA &#8211; MOJE JEDLO 3<\/a>\u00a0\u00bb<br \/>\n<a title=\"Treba si vari\u0165\" href=\"https:\/\/martin-pyco-rausch-fans.sk\/?page_id=15200\">TREBA SI VARI\u0164<\/a>\u00a0\u00bb<br \/>\n<a title=\" Recepty: \u0160TYRI RO\u010cN\u00c9 OBDOBIA - MOJE JEDLO 3\" href=\"https:\/\/www.martin-pyco-rausch-fans.sk\/?page_id=7808\">Recepty: \u0160TYRI RO\u010cN\u00c9 OBDOBIA &#8211; MOJE JEDLO 3<\/a>\u00a0\u00bb<br \/>\n<a href=\"https:\/\/www.martin-pyco-rausch-fans.sk\/?page_id=4052\">Sp\u00e4\u0165 na \u00favod podstr\u00e1nky<\/a>\u00a0\u00bb<\/div><div class=\"tab-pane \" id=\"pane-0-1\"><\/p>\n<p><center><iframe loading=\"lazy\" width=\"560\" height=\"315\" src=\"https:\/\/www.youtube.com\/embed\/JnZU6BZYzOk\" frameborder=\"0\" allowfullscreen><\/iframe><\/center><\/div><div class=\"tab-pane \" id=\"pane-0-2\"><\/div><div class=\"tab-pane \" id=\"pane-0-3\"><\/p>\n<p><a href=\"http:\/\/www.martinus.sk\/knihy\/autor\/Martin-Pyco-Rausch\/\" target=\"_blank\">http:\/\/<\/a>Martinus.sk<br \/>\n<a href=\"http:\/\/www.martinus.cz\/knihy\/autor\/Martin-Pyco-Rausch\/\" target=\"_blank\">http:\/\/<\/a>Martinus.cz<br \/>\n<a href=\"https:\/\/www.bux.sk\/autori\/49935-martin-pyco-rausch.html\" target=\"_blank\">http:\/\/<\/a>Bux.sk<br \/>\n<a href=\" https:\/\/www.rosier.cz\/polozka\/martin-pyco-rausch-treba-si-varit-s-podpisem-autora\" target=\"_blank\">http:\/\/<\/a>Rosier.cz<\/p>\n<p><\/div><\/div><\/div>\n<\/div>\n<\/div>\n","protected":false},"excerpt":{"rendered":"<p>&nbsp; &nbsp; &nbsp; &nbsp; &nbsp; &nbsp; &nbsp; &nbsp; &nbsp; &nbsp; Jedna z mojich najob\u013e\u00fabenej\u0161\u00edch zimn\u00fdch klas\u00edk: #pe\u010den\u00e1cibu\u013ea &#x1F4D5; #mojejedlo #4rocneobdobia Vysk\u00fa\u0161ajte a pokojne zdielajte &#x1f468;\u200d&#x1f373; dobr\u00fa chu\u0165! &nbsp; &nbsp; &nbsp; &nbsp;<\/p>\n","protected":false},"author":1,"featured_media":4066,"parent":0,"menu_order":0,"comment_status":"open","ping_status":"open","template":"","meta":{"footnotes":""},"class_list":["post-7074","page","type-page","status-publish","has-post-thumbnail","hentry"],"_links":{"self":[{"href":"https:\/\/martin-pyco-rausch-fans.sk\/index.php?rest_route=\/wp\/v2\/pages\/7074","targetHints":{"allow":["GET"]}}],"collection":[{"href":"https:\/\/martin-pyco-rausch-fans.sk\/index.php?rest_route=\/wp\/v2\/pages"}],"about":[{"href":"https:\/\/martin-pyco-rausch-fans.sk\/index.php?rest_route=\/wp\/v2\/types\/page"}],"author":[{"embeddable":true,"href":"https:\/\/martin-pyco-rausch-fans.sk\/index.php?rest_route=\/wp\/v2\/users\/1"}],"replies":[{"embeddable":true,"href":"https:\/\/martin-pyco-rausch-fans.sk\/index.php?rest_route=%2Fwp%2Fv2%2Fcomments&post=7074"}],"version-history":[{"count":38,"href":"https:\/\/martin-pyco-rausch-fans.sk\/index.php?rest_route=\/wp\/v2\/pages\/7074\/revisions"}],"predecessor-version":[{"id":15805,"href":"https:\/\/martin-pyco-rausch-fans.sk\/index.php?rest_route=\/wp\/v2\/pages\/7074\/revisions\/15805"}],"wp:featuredmedia":[{"embeddable":true,"href":"https:\/\/martin-pyco-rausch-fans.sk\/index.php?rest_route=\/wp\/v2\/media\/4066"}],"wp:attachment":[{"href":"https:\/\/martin-pyco-rausch-fans.sk\/index.php?rest_route=%2Fwp%2Fv2%2Fmedia&parent=7074"}],"curies":[{"name":"wp","href":"https:\/\/api.w.org\/{rel}","templated":true}]}}