{"id":76,"date":"2014-10-16T22:00:09","date_gmt":"2014-10-16T20:00:09","guid":{"rendered":"http:\/\/www.martin-pyco-rausch-fans.sk\/wordpress\/?page_id=76"},"modified":"2026-04-19T18:11:42","modified_gmt":"2026-04-19T17:11:42","slug":"podakovanie","status":"publish","type":"page","link":"https:\/\/martin-pyco-rausch-fans.sk\/?page_id=76","title":{"rendered":"Po\u010fakovanie"},"content":{"rendered":"<p>\u0160peci\u00e1lne po\u010fakovanie patr\u00ed samotn\u00e9mu <a href=\"https:\/\/www.martin-pyco-rausch-fans.sk\/?page_id=18\" target=\"_blank\">Martinovi Rauschovi<\/a>, za mno\u017estvo medi\u00e1lnych noviniek, za kr\u00e1sne\u00a0fotografie, za jeho ochotu a \u010das, ktor\u00fd venuje tejto str\u00e1nke.<\/p>\n<p><a href=\"http:\/\/www.marekhrebik.sk\/\" target=\"_blank\">Marekovi<\/a> za layouty, za r\u00f4zne grafick\u00e9 tvorby, ktor\u00fd v\u017edy od\u0161tartuje neuverite\u013en\u00fd n\u00e1pad a vytvor\u00ed kr\u00e1sny, \u013eahko zrozumite\u013en\u00fd dizajn str\u00e1nky s jednoduchou orient\u00e1ciou.<\/p>\n<p>Sestre <b>\u017danete<\/b> a v\u0161etk\u00fdm kamar\u00e1tom a zn\u00e1mym za va\u0161e n\u00e1zory, za rady a tipy:<b> Janke, Majke, Mariane, Kelly z USA<\/b><\/p>\n<p>Taktie\u017e v\u0161etk\u00fdm <b>skvel\u00fdm \u013eu\u010fom<\/b>, ktor\u00ed do webov\u00e9ho obsahu prispeli, prispievali, za pomoc pri \u010domko\u013evek, \u010do s\u00faviselo so str\u00e1nkou.<\/p>\n<p><b>Zuzke<\/b>, ktor\u00e1 ma nau\u010dila pracova\u0165 s fotogal\u00e9riou a za r\u00f4zne rady pri tvorbe str\u00e1nok za ktor\u00e9 som jej dodnes v\u010fa\u010dn\u00e1.<\/p>\n<p>Vern\u00fdm <b>n\u00e1v\u0161tevn\u00edkom<\/b> str\u00e1nky za to, \u017ee sem chod\u00edte, za podporu, za odozvy od v\u00e1s, ktor\u00e9 s\u00fa viac ako pozit\u00edvne, preto\u017ee len v\u010faka v\u00e1m vieme, \u017ee to v\u0161etko m\u00e1 zmysel.<\/p>\n","protected":false},"excerpt":{"rendered":"<p>\u0160peci\u00e1lne po\u010fakovanie patr\u00ed samotn\u00e9mu Martinovi Rauschovi, za mno\u017estvo medi\u00e1lnych noviniek, za kr\u00e1sne\u00a0fotografie, za jeho ochotu a \u010das, ktor\u00fd venuje tejto str\u00e1nke. Marekovi za layouty, za r\u00f4zne grafick\u00e9 tvorby, ktor\u00fd v\u017edy od\u0161tartuje neuverite\u013en\u00fd n\u00e1pad a vytvor\u00ed kr\u00e1sny, \u013eahko zrozumite\u013en\u00fd dizajn str\u00e1nky s jednoduchou orient\u00e1ciou. Sestre \u017danete a v\u0161etk\u00fdm kamar\u00e1tom a zn\u00e1mym za va\u0161e n\u00e1zory, za rady [&hellip;]<\/p>\n","protected":false},"author":1,"featured_media":7038,"parent":0,"menu_order":0,"comment_status":"open","ping_status":"open","template":"","meta":{"footnotes":""},"class_list":["post-76","page","type-page","status-publish","has-post-thumbnail","hentry"],"_links":{"self":[{"href":"https:\/\/martin-pyco-rausch-fans.sk\/index.php?rest_route=\/wp\/v2\/pages\/76","targetHints":{"allow":["GET"]}}],"collection":[{"href":"https:\/\/martin-pyco-rausch-fans.sk\/index.php?rest_route=\/wp\/v2\/pages"}],"about":[{"href":"https:\/\/martin-pyco-rausch-fans.sk\/index.php?rest_route=\/wp\/v2\/types\/page"}],"author":[{"embeddable":true,"href":"https:\/\/martin-pyco-rausch-fans.sk\/index.php?rest_route=\/wp\/v2\/users\/1"}],"replies":[{"embeddable":true,"href":"https:\/\/martin-pyco-rausch-fans.sk\/index.php?rest_route=%2Fwp%2Fv2%2Fcomments&post=76"}],"version-history":[{"count":10,"href":"https:\/\/martin-pyco-rausch-fans.sk\/index.php?rest_route=\/wp\/v2\/pages\/76\/revisions"}],"predecessor-version":[{"id":15829,"href":"https:\/\/martin-pyco-rausch-fans.sk\/index.php?rest_route=\/wp\/v2\/pages\/76\/revisions\/15829"}],"wp:featuredmedia":[{"embeddable":true,"href":"https:\/\/martin-pyco-rausch-fans.sk\/index.php?rest_route=\/wp\/v2\/media\/7038"}],"wp:attachment":[{"href":"https:\/\/martin-pyco-rausch-fans.sk\/index.php?rest_route=%2Fwp%2Fv2%2Fmedia&parent=76"}],"curies":[{"name":"wp","href":"https:\/\/api.w.org\/{rel}","templated":true}]}}